{"id":2,"date":"2014-09-16T15:14:11","date_gmt":"2014-09-16T13:14:11","guid":{"rendered":"http:\/\/laniakea.de\/?page_id=2"},"modified":"2018-04-11T20:24:59","modified_gmt":"2018-04-11T18:24:59","slug":"beispiel-seite","status":"publish","type":"page","link":"https:\/\/laniakea.de\/?page_id=2","title":{"rendered":"mehr \u00fcber Laniakea und unsere Milchstra\u00dfe"},"content":{"rendered":"<p>Laniakea scheint sich in Richtung des Shapley-Superhaufens zu erstrecken, sodass die Vermutung naheliegt, dass sowohl Shapley als auch Laniakea gemeinsam Teil einer noch gr\u00f6\u00dferen Struktur sind.<\/p>\n<p>Die Laniakea benachbarten Supergalaxienhaufen sind der Shapley-Superhaufen, der Herkules-Superhaufen, der Coma-Superhaufen und der Perseus-Pisces-Superhaufen. Die genaue Ausdehnung und die Grenzen dieser Supergalaxienhaufen sind gegenw\u00e4rtig nicht genau bekannt.<\/p>\n<p>&nbsp;<\/p>\n<p>Die Milchstra\u00dfe, auch Galaxis, ist die Galaxie, in der sich unser Sonnensystem mit der Erde befindet. Entsprechend ihrer Form als flache Scheibe, die aus Milliarden von Sternen besteht, ist die Milchstra\u00dfe von der Erde aus als bandf\u00f6rmige Aufhellung am Nachthimmel sichtbar, die sich \u00fcber 360\u00b0 erstreckt. Ihrer Struktur nach z\u00e4hlt die Milchstra\u00dfe zu den Balkenspiralgalaxien.<\/p>\n<p>Quelle: <a href=\"http:\/\/de.wikipedia.org\/wiki\/Milchstra%C3%9Fe\" target=\"_blank\" rel=\"noopener\">Wikipedia<\/a><\/p>\n","protected":false},"excerpt":{"rendered":"<p>Laniakea scheint sich in Richtung des Shapley-Superhaufens zu erstrecken, sodass die Vermutung naheliegt, dass sowohl Shapley als auch Laniakea gemeinsam Teil einer noch gr\u00f6\u00dferen Struktur sind. Die Laniakea benachbarten Supergalaxienhaufen sind der Shapley-Superhaufen, der Herkules-Superhaufen, der Coma-Superhaufen und der Perseus-Pisces-Superhaufen. Die genaue Ausdehnung und die Grenzen dieser Supergalaxienhaufen sind gegenw\u00e4rtig nicht genau bekannt. &nbsp; Die&#8230; <\/p>\n<p><a class=\"moretag\" href=\"https:\/\/laniakea.de\/?page_id=2\">Read more<\/a><\/p>\n","protected":false},"author":1,"featured_media":0,"parent":0,"menu_order":0,"comment_status":"closed","ping_status":"closed","template":"","meta":[],"_links":{"self":[{"href":"https:\/\/laniakea.de\/index.php?rest_route=\/wp\/v2\/pages\/2"}],"collection":[{"href":"https:\/\/laniakea.de\/index.php?rest_route=\/wp\/v2\/pages"}],"about":[{"href":"https:\/\/laniakea.de\/index.php?rest_route=\/wp\/v2\/types\/page"}],"author":[{"embeddable":true,"href":"https:\/\/laniakea.de\/index.php?rest_route=\/wp\/v2\/users\/1"}],"replies":[{"embeddable":true,"href":"https:\/\/laniakea.de\/index.php?rest_route=%2Fwp%2Fv2%2Fcomments&post=2"}],"version-history":[{"count":3,"href":"https:\/\/laniakea.de\/index.php?rest_route=\/wp\/v2\/pages\/2\/revisions"}],"predecessor-version":[{"id":13,"href":"https:\/\/laniakea.de\/index.php?rest_route=\/wp\/v2\/pages\/2\/revisions\/13"}],"wp:attachment":[{"href":"https:\/\/laniakea.de\/index.php?rest_route=%2Fwp%2Fv2%2Fmedia&parent=2"}],"curies":[{"name":"wp","href":"https:\/\/api.w.org\/{rel}","templated":true}]}}